{"id":56,"date":"2023-11-05T16:01:42","date_gmt":"2023-11-05T15:01:42","guid":{"rendered":"https:\/\/shoyo-samaa.com\/?post_type=product&#038;p=56"},"modified":"2023-11-05T16:04:17","modified_gmt":"2023-11-05T15:04:17","slug":"sticker-minori-hanasato-moremorejump","status":"publish","type":"product","link":"https:\/\/shoyo-samaa.com\/index.php\/produit\/sticker-minori-hanasato-moremorejump\/","title":{"rendered":"Sticker Minori Hanasato MOREMOREJUMP"},"content":{"rendered":"\n<p>Sticker imprim\u00e9 et d\u00e9coup\u00e9 \u00e0 la main.<\/p>\n","protected":false},"excerpt":{"rendered":"<p>Sticker Minori Hanasato de MOREMOREJUMP du jeu Project sekai\/Colorful Stage ft.Hatsune Miku. <br \/>Papier autocollant mat. <br \/>Env ~5cm. <\/p>\n","protected":false},"featured_media":55,"template":"","meta":{"jetpack_publicize_message":"","jetpack_is_tweetstorm":false,"jetpack_publicize_feature_enabled":true,"jetpack_social_post_already_shared":false,"jetpack_social_options":{"image_generator_settings":{"template":"highway","enabled":false}}},"product_cat":[21],"product_tag":[24,22],"class_list":["post-56","product","type-product","status-publish","has-post-thumbnail","hentry","product_cat-stickers","product_tag-mmj","product_tag-project-sekai"],"jetpack_publicize_connections":[],"jetpack_sharing_enabled":true,"_links":{"self":[{"href":"https:\/\/shoyo-samaa.com\/index.php\/wp-json\/wp\/v2\/product\/56","targetHints":{"allow":["GET"]}}],"collection":[{"href":"https:\/\/shoyo-samaa.com\/index.php\/wp-json\/wp\/v2\/product"}],"about":[{"href":"https:\/\/shoyo-samaa.com\/index.php\/wp-json\/wp\/v2\/types\/product"}],"wp:featuredmedia":[{"embeddable":true,"href":"https:\/\/shoyo-samaa.com\/index.php\/wp-json\/wp\/v2\/media\/55"}],"wp:attachment":[{"href":"https:\/\/shoyo-samaa.com\/index.php\/wp-json\/wp\/v2\/media?parent=56"}],"wp:term":[{"taxonomy":"product_cat","embeddable":true,"href":"https:\/\/shoyo-samaa.com\/index.php\/wp-json\/wp\/v2\/product_cat?post=56"},{"taxonomy":"product_tag","embeddable":true,"href":"https:\/\/shoyo-samaa.com\/index.php\/wp-json\/wp\/v2\/product_tag?post=56"}],"curies":[{"name":"wp","href":"https:\/\/api.w.org\/{rel}","templated":true}]}}