{"id":65,"date":"2023-11-05T16:30:47","date_gmt":"2023-11-05T15:30:47","guid":{"rendered":"https:\/\/shoyo-samaa.com\/?post_type=product&#038;p=65"},"modified":"2023-11-05T16:33:09","modified_gmt":"2023-11-05T15:33:09","slug":"sticker-an-shiraishi-vividbadsquad","status":"publish","type":"product","link":"https:\/\/shoyo-samaa.com\/index.php\/produit\/sticker-an-shiraishi-vividbadsquad\/","title":{"rendered":"Sticker An Shiraishi VividBadSquad"},"content":{"rendered":"\n<p>Sticker imprim\u00e9 et d\u00e9coup\u00e9 \u00e0 la main.<\/p>\n","protected":false},"excerpt":{"rendered":"<p>Sticker An Shiraishi de VividBadSquad du jeu Project sekai\/Colorful Stage ft.Hatsune Miku. <br \/>Papier autocollant mat. <br \/>Env ~5cm. <\/p>\n","protected":false},"featured_media":66,"template":"","meta":{"jetpack_publicize_message":"","jetpack_is_tweetstorm":false,"jetpack_publicize_feature_enabled":true,"jetpack_social_post_already_shared":false,"jetpack_social_options":{"image_generator_settings":{"template":"highway","enabled":false}}},"product_cat":[21],"product_tag":[22,25],"class_list":["post-65","product","type-product","status-publish","has-post-thumbnail","hentry","product_cat-stickers","product_tag-project-sekai","product_tag-vbs"],"jetpack_publicize_connections":[],"jetpack_sharing_enabled":true,"_links":{"self":[{"href":"https:\/\/shoyo-samaa.com\/index.php\/wp-json\/wp\/v2\/product\/65","targetHints":{"allow":["GET"]}}],"collection":[{"href":"https:\/\/shoyo-samaa.com\/index.php\/wp-json\/wp\/v2\/product"}],"about":[{"href":"https:\/\/shoyo-samaa.com\/index.php\/wp-json\/wp\/v2\/types\/product"}],"wp:featuredmedia":[{"embeddable":true,"href":"https:\/\/shoyo-samaa.com\/index.php\/wp-json\/wp\/v2\/media\/66"}],"wp:attachment":[{"href":"https:\/\/shoyo-samaa.com\/index.php\/wp-json\/wp\/v2\/media?parent=65"}],"wp:term":[{"taxonomy":"product_cat","embeddable":true,"href":"https:\/\/shoyo-samaa.com\/index.php\/wp-json\/wp\/v2\/product_cat?post=65"},{"taxonomy":"product_tag","embeddable":true,"href":"https:\/\/shoyo-samaa.com\/index.php\/wp-json\/wp\/v2\/product_tag?post=65"}],"curies":[{"name":"wp","href":"https:\/\/api.w.org\/{rel}","templated":true}]}}