{"id":79,"date":"2023-11-05T16:50:35","date_gmt":"2023-11-05T15:50:35","guid":{"rendered":"https:\/\/shoyo-samaa.com\/?post_type=product&#038;p=79"},"modified":"2023-11-05T16:52:52","modified_gmt":"2023-11-05T15:52:52","slug":"sticker-kanade-yoisaki-nightcordat2500","status":"publish","type":"product","link":"https:\/\/shoyo-samaa.com\/index.php\/produit\/sticker-kanade-yoisaki-nightcordat2500\/","title":{"rendered":"Sticker Kanade Yoisaki NightcordAt25:00"},"content":{"rendered":"\n<p>Sticker imprim\u00e9 et d\u00e9coup\u00e9 \u00e0 la main.<\/p>\n","protected":false},"excerpt":{"rendered":"<p>Sticker Kanade Yoisaki de NightcordAt25:00 du jeu Project sekai\/Colorful Stage ft.Hatsune Miku. <br \/>Papier autocollant mat. <br \/>Env ~5cm. <\/p>\n","protected":false},"featured_media":80,"template":"","meta":{"jetpack_publicize_message":"","jetpack_is_tweetstorm":false,"jetpack_publicize_feature_enabled":true,"jetpack_social_post_already_shared":false,"jetpack_social_options":{"image_generator_settings":{"template":"highway","enabled":false}}},"product_cat":[21],"product_tag":[27,22],"class_list":["post-79","product","type-product","status-publish","has-post-thumbnail","hentry","product_cat-stickers","product_tag-n25","product_tag-project-sekai"],"jetpack_publicize_connections":[],"jetpack_sharing_enabled":true,"_links":{"self":[{"href":"https:\/\/shoyo-samaa.com\/index.php\/wp-json\/wp\/v2\/product\/79","targetHints":{"allow":["GET"]}}],"collection":[{"href":"https:\/\/shoyo-samaa.com\/index.php\/wp-json\/wp\/v2\/product"}],"about":[{"href":"https:\/\/shoyo-samaa.com\/index.php\/wp-json\/wp\/v2\/types\/product"}],"wp:featuredmedia":[{"embeddable":true,"href":"https:\/\/shoyo-samaa.com\/index.php\/wp-json\/wp\/v2\/media\/80"}],"wp:attachment":[{"href":"https:\/\/shoyo-samaa.com\/index.php\/wp-json\/wp\/v2\/media?parent=79"}],"wp:term":[{"taxonomy":"product_cat","embeddable":true,"href":"https:\/\/shoyo-samaa.com\/index.php\/wp-json\/wp\/v2\/product_cat?post=79"},{"taxonomy":"product_tag","embeddable":true,"href":"https:\/\/shoyo-samaa.com\/index.php\/wp-json\/wp\/v2\/product_tag?post=79"}],"curies":[{"name":"wp","href":"https:\/\/api.w.org\/{rel}","templated":true}]}}