{"id":83,"date":"2023-11-05T16:55:19","date_gmt":"2023-11-05T15:55:19","guid":{"rendered":"https:\/\/shoyo-samaa.com\/?post_type=product&#038;p=83"},"modified":"2023-11-05T16:56:56","modified_gmt":"2023-11-05T15:56:56","slug":"sticker-ena-shinonome-nightcordat2500","status":"publish","type":"product","link":"https:\/\/shoyo-samaa.com\/index.php\/produit\/sticker-ena-shinonome-nightcordat2500\/","title":{"rendered":"Sticker Ena Shinonome NightcordAt25:00"},"content":{"rendered":"\n<p>Sticker imprim\u00e9 et d\u00e9coup\u00e9 \u00e0 la main.<\/p>\n","protected":false},"excerpt":{"rendered":"<p>Sticker Ena Shinonome de NightcordAt25:00 du jeu Project sekai\/Colorful Stage ft.Hatsune Miku. <br \/>Papier autocollant mat. <br \/>Env ~5cm. <\/p>\n","protected":false},"featured_media":84,"template":"","meta":{"jetpack_publicize_message":"","jetpack_is_tweetstorm":false,"jetpack_publicize_feature_enabled":true,"jetpack_social_post_already_shared":false,"jetpack_social_options":{"image_generator_settings":{"template":"highway","enabled":false}}},"product_cat":[21],"product_tag":[27,22],"class_list":["post-83","product","type-product","status-publish","has-post-thumbnail","hentry","product_cat-stickers","product_tag-n25","product_tag-project-sekai"],"jetpack_publicize_connections":[],"jetpack_sharing_enabled":true,"_links":{"self":[{"href":"https:\/\/shoyo-samaa.com\/index.php\/wp-json\/wp\/v2\/product\/83","targetHints":{"allow":["GET"]}}],"collection":[{"href":"https:\/\/shoyo-samaa.com\/index.php\/wp-json\/wp\/v2\/product"}],"about":[{"href":"https:\/\/shoyo-samaa.com\/index.php\/wp-json\/wp\/v2\/types\/product"}],"wp:featuredmedia":[{"embeddable":true,"href":"https:\/\/shoyo-samaa.com\/index.php\/wp-json\/wp\/v2\/media\/84"}],"wp:attachment":[{"href":"https:\/\/shoyo-samaa.com\/index.php\/wp-json\/wp\/v2\/media?parent=83"}],"wp:term":[{"taxonomy":"product_cat","embeddable":true,"href":"https:\/\/shoyo-samaa.com\/index.php\/wp-json\/wp\/v2\/product_cat?post=83"},{"taxonomy":"product_tag","embeddable":true,"href":"https:\/\/shoyo-samaa.com\/index.php\/wp-json\/wp\/v2\/product_tag?post=83"}],"curies":[{"name":"wp","href":"https:\/\/api.w.org\/{rel}","templated":true}]}}